{"id":94,"date":"2026-03-27T23:21:40","date_gmt":"2026-03-27T22:21:40","guid":{"rendered":"https:\/\/oklik.pl\/?page_id=94"},"modified":"2026-03-27T23:21:40","modified_gmt":"2026-03-27T22:21:40","slug":"search-listings","status":"publish","type":"page","link":"https:\/\/oklik.pl\/?page_id=94","title":{"rendered":"Search Listings"},"content":{"rendered":"\r\n<div class=\"acadp acadp-listings acadp-layout-list\">\r\n    <div class=\"acadp-wrapper acadp-flex acadp-flex-col acadp-gap-6\">\r\n                    <!-- Header -->\r\n            <div class=\"acadp-header acadp-flex acadp-flex-col acadp-gap-4\">\r\n                            \r\n                 \r\n<form action=\"https:\/\/oklik.pl\/?page_id=94\" method=\"post\" role=\"form\" class=\"acadp-flex acadp-flex-col acadp-gap-4 acadp-items-stretch sm:acadp-flex-row sm:acadp-items-center\">\r\n            <!-- Listings count -->\r\n        <div class=\"acadp-listings-count acadp-flex-grow acadp-me-auto acadp-text-muted\">\r\n            Znaleziono 1 element\u00f3w        <\/div>\r\n    \r\n            <!-- Orderby dropdown -->\r\n        <div class=\"acadp-form-group\">\r\n            <select name=\"sort\" class=\"acadp-form-control acadp-form-select\" onchange=\"this.form.action = this.value; this.form.submit();\">\r\n                <option value=\"\/index.php?rest_route=%2Fwp%2Fv2%2Fpages%2F94&#038;sort=date-desc\">\u2014 Sortuj wed\u0142ug \u2014<\/option><option value=\"\/index.php?rest_route=%2Fwp%2Fv2%2Fpages%2F94&#038;sort=title-asc\" >A do Z (tytu\u0142)<\/option><option value=\"\/index.php?rest_route=%2Fwp%2Fv2%2Fpages%2F94&#038;sort=title-desc\" >od Z do A<\/option><option value=\"\/index.php?rest_route=%2Fwp%2Fv2%2Fpages%2F94&#038;sort=date-desc\"  selected='selected'>Ostatnio dodane (najnowsze)<\/option><option value=\"\/index.php?rest_route=%2Fwp%2Fv2%2Fpages%2F94&#038;sort=date-asc\" >Data dodania (najstarsza)<\/option><option value=\"\/index.php?rest_route=%2Fwp%2Fv2%2Fpages%2F94&#038;sort=views-desc\" >Najcz\u0119\u015bciej ogl\u0105dane<\/option><option value=\"\/index.php?rest_route=%2Fwp%2Fv2%2Fpages%2F94&#038;sort=views-asc\" >Mniej ogl\u0105dane<\/option><option value=\"\/index.php?rest_route=%2Fwp%2Fv2%2Fpages%2F94&#038;sort=price-asc\" >Cena (od najni\u017cszej do najwy\u017cszej)<\/option><option value=\"\/index.php?rest_route=%2Fwp%2Fv2%2Fpages%2F94&#038;sort=price-desc\" >Cena (od najwy\u017cszej do najni\u017cszej)<\/option>            <\/select>\r\n        <\/div>\r\n        \r\n            <!-- Views dropdown -->\r\n        <div class=\"acadp-form-group\">\r\n            <select name=\"view\" class=\"acadp-form-control acadp-form-select\" onchange=\"this.form.action = this.value; this.form.submit();\">\r\n                <option value=\"\/index.php?rest_route=%2Fwp%2Fv2%2Fpages%2F94&#038;view=list\">\u2014 Wy\u015bwietl jako \u2014<\/option><option value=\"\/index.php?rest_route=%2Fwp%2Fv2%2Fpages%2F94&#038;view=list\"  selected='selected'>Lista<\/option><option value=\"\/index.php?rest_route=%2Fwp%2Fv2%2Fpages%2F94&#038;view=grid\" >Siatka<\/option><option value=\"\/index.php?rest_route=%2Fwp%2Fv2%2Fpages%2F94&#038;view=map\" >Mapa<\/option>            <\/select>\r\n        <\/div>\r\n                       \r\n<\/form>\r\n            <\/div>\r\n                \r\n        <!-- Body -->\r\n        <div class=\"acadp-body acadp-grid acadp-grid-cols-1 acadp-gap-6\">\r\n            <!-- The loop -->\r\n                            <div class=\"acadp-card md:acadp-flex-row md:acadp-gap-4 md:acadp-p-4\">\r\n                                            <div class=\"acadp-image md:acadp-w-1\/3\">   \r\n                            <a href=\"https:\/\/oklik.pl\/?acadp_listings=121212\" class=\"acadp-block acadp-leading-none md:acadp-h-full\">\r\n                                <img decoding=\"async\" loading=\"lazy\" src=\"https:\/\/oklik.pl\/wp-content\/uploads\/2026\/03\/dzialki-budowlane.png\" class=\"acadp-w-full acadp-aspect-video acadp-object-cover acadp-rounded-t md:acadp-aspect-auto md:acadp-rounded md:acadp-h-full\" alt=\"\" \/>\r\n                            <\/a>      \t\r\n                        <\/div>\r\n                                        \r\n                    <div class=\"acadp-content acadp-flex acadp-flex-col acadp-gap-4 md:acadp-w-2\/3\">\r\n                        <div class=\"acadp-info acadp-flex acadp-flex-col acadp-gap-2 acadp-p-4 acadp-pb-0 md:acadp-p-0\">   \r\n                                                        \r\n                            <!-- Listing Title -->       \r\n                            <div class=\"acadp-title\">\r\n                                <a href=\"https:\/\/oklik.pl\/?acadp_listings=121212\" class=\"acadp-text-xl\">\r\n                                    121212                                <\/a>\r\n                            <\/div>            \r\n\r\n                                                                <div class=\"acadp-categories acadp-flex acadp-gap-1.5 acadp-items-center acadp-text-sm\">\r\n                                        <svg xmlns=\"http:\/\/www.w3.org\/2000\/svg\" fill=\"none\" viewBox=\"0 0 24 24\" width=\"20px\" height=\"20px\" stroke-width=\"1.5\" stroke=\"currentColor\" class=\"acadp-flex-shrink-0\">\r\n                                            <path stroke-linecap=\"round\" stroke-linejoin=\"round\" d=\"M3.75 9.776c.112-.017.227-.026.344-.026h15.812c.117 0 .232.009.344.026m-16.5 0a2.25 2.25 0 00-1.883 2.542l.857 6a2.25 2.25 0 002.227 1.932H19.05a2.25 2.25 0 002.227-1.932l.857-6a2.25 2.25 0 00-1.883-2.542m-16.5 0V6A2.25 2.25 0 016 3.75h3.879a1.5 1.5 0 011.06.44l2.122 2.12a1.5 1.5 0 001.06.44H18A2.25 2.25 0 0120.25 9v.776\" \/>\r\n                                        <\/svg>\r\n                                        <span class=\"acadp-terms-links\">\r\n                                            <a href=\"https:\/\/oklik.pl\/?page_id=10&#038;acadp_category=dzialki-budowlane\" class=\"acadp-underline\">Dzia\u0142ki Budowlane<\/a>                                        <\/span>\r\n                                    <\/div>\r\n                                                            \r\n                                                                <div class=\"acadp-locations acadp-flex acadp-gap-1.5 acadp-items-center acadp-text-sm\">\r\n                                        <svg xmlns=\"http:\/\/www.w3.org\/2000\/svg\" fill=\"none\" viewBox=\"0 0 24 24\" width=\"20px\" height=\"20px\" stroke-width=\"1.5\" stroke=\"currentColor\" class=\"acadp-flex-shrink-0\">\r\n                                            <path stroke-linecap=\"round\" stroke-linejoin=\"round\" d=\"M15 10.5a3 3 0 11-6 0 3 3 0 016 0z\" \/>\r\n                                            <path stroke-linecap=\"round\" stroke-linejoin=\"round\" d=\"M19.5 10.5c0 7.142-7.5 11.25-7.5 11.25S4.5 17.642 4.5 10.5a7.5 7.5 0 1115 0z\" \/>\r\n                                        <\/svg>\r\n                                        <span class=\"acadp-terms-links\">\r\n                                            <a href=\"https:\/\/oklik.pl\/?page_id=8&#038;acadp_location=podlaskie\" class=\"acadp-underline\">Podlaskie<\/a>                                        <\/span>\r\n                                    <\/div>\r\n                                                            \r\n                                                            <div class=\"acadp-views-count acadp-flex acadp-gap-1.5 acadp-items-center acadp-text-sm\">\r\n                                    <svg xmlns=\"http:\/\/www.w3.org\/2000\/svg\" fill=\"none\" viewBox=\"0 0 24 24\" width=\"20px\" height=\"20px\" stroke-width=\"1.5\" stroke=\"currentColor\" class=\"acadp-flex-shrink-0\">\r\n                                        <path stroke-linecap=\"round\" stroke-linejoin=\"round\" d=\"M2.036 12.322a1.012 1.012 0 010-.639C3.423 7.51 7.36 4.5 12 4.5c4.638 0 8.573 3.007 9.963 7.178.07.207.07.431 0 .639C20.577 16.49 16.64 19.5 12 19.5c-4.638 0-8.573-3.007-9.963-7.178z\" \/>\r\n                                        <path stroke-linecap=\"round\" stroke-linejoin=\"round\" d=\"M15 12a3 3 0 11-6 0 3 3 0 016 0z\" \/>\r\n                                    <\/svg>\r\n\r\n                                    22 wy\u015bwietle\u0144                                <\/div>\r\n                            \r\n                            \r\n                                                    \r\n                            <div class=\"acadp-author-datetime acadp-text-muted acadp-text-sm\"><time class=\"acadp-datetime\">Opublikowano 3 tygodnie temu<\/time> przez <a href=\"https:\/\/oklik.pl\/?page_id=12&#038;acadp_user=ZHlta29sdTE.\" class=\"acadp-author acadp-underline\">\u0141ukasz Dymko<\/a><\/div>                        <\/div>\r\n\r\n                        <div class=\"acadp-footer acadp-flex acadp-items-center acadp-mt-auto acadp-border-0 acadp-border-t acadp-border-gray-100 acadp-p-4 md:acadp-p-0 md:acadp-pt-4\"><div class=\"acadp-price acadp-flex-grow acadp-text-lg acadp-font-bold\">121,212,121,221.00 PLN<\/div><\/div>                    <\/div>\r\n                <\/div>\r\n                        <!-- End of the loop -->\r\n\r\n            <!-- Reset postdata to restore orginal query -->\r\n                    <\/div>   \r\n        \r\n            <\/div>\r\n<\/div>\r\n\r\n\r\n<br \/>\r\n\r\n<div class=\"acadp\">\r\n    <div class=\"acadp-share-buttons acadp-flex acadp-gap-1\">\r\n        <a class=\"acadp-button acadp-button-facebook acadp-border-transparent acadp-bg-[#1877f2] acadp-text-white hover:acadp-shadow-lg\" href=\"https:\/\/www.facebook.com\/sharer\/sharer.php?u=https:\/\/oklik.pl\" target=\"_blank\"><svg xmlns=\"http:\/\/www.w3.org\/2000\/svg\" fill=\"currentColor\" viewBox=\"0 0 24 24\" width=\"20px\" height=\"20px\" class=\"acadp-flex-shrink-0\">\r\n        <path d=\"M9 8h-3v4h3v12h5v-12h3.642l.358-4h-4v-1.667c0-.955.192-1.333 1.115-1.333h2.885v-5h-3.808c-3.596 0-5.192 1.583-5.192 4.615v3.385z\" \/>\r\n    <\/svg><\/a><a class=\"acadp-button acadp-button-twitter acadp-bg-[#1da1f2] acadp-text-white hover:acadp-shadow-lg\" href=\"https:\/\/twitter.com\/intent\/tweet?text=121212&amp;url=https:\/\/oklik.pl\" target=\"_blank\"><svg xmlns=\"http:\/\/www.w3.org\/2000\/svg\" fill=\"currentColor\" viewBox=\"0 0 24 24\" width=\"20px\" height=\"20px\" class=\"acadp-flex-shrink-0\">\r\n        <path d=\"M24 4.557c-.883.392-1.832.656-2.828.775 1.017-.609 1.798-1.574 2.165-2.724-.951.564-2.005.974-3.127 1.195-.897-.957-2.178-1.555-3.594-1.555-3.179 0-5.515 2.966-4.797 6.045-4.091-.205-7.719-2.165-10.148-5.144-1.29 2.213-.669 5.108 1.523 6.574-.806-.026-1.566-.247-2.229-.616-.054 2.281 1.581 4.415 3.949 4.89-.693.188-1.452.232-2.224.084.626 1.956 2.444 3.379 4.6 3.419-2.07 1.623-4.678 2.348-7.29 2.04 2.179 1.397 4.768 2.212 7.548 2.212 9.142 0 14.307-7.721 13.995-14.646.962-.695 1.797-1.562 2.457-2.549z\" \/>\r\n    <\/svg><\/a><a class=\"acadp-button acadp-button-whatsapp acadp-bg-[#128c7e] acadp-text-white hover:acadp-shadow-lg\" href=\"https:\/\/api.whatsapp.com\/send?text=121212&nbsp;https:\/\/oklik.pl\" target=\"_blank\" data-text=\"121212\" data-link=\"https:\/\/oklik.pl\"><svg xmlns=\"http:\/\/www.w3.org\/2000\/svg\" fill=\"currentColor\" viewBox=\"0 0 24 24\" width=\"20px\" height=\"20px\" class=\"acadp-flex-shrink-0\">\r\n        <path d=\"M.057 24l1.687-6.163c-1.041-1.804-1.588-3.849-1.587-5.946.003-6.556 5.338-11.891 11.893-11.891 3.181.001 6.167 1.24 8.413 3.488 2.245 2.248 3.481 5.236 3.48 8.414-.003 6.557-5.338 11.892-11.893 11.892-1.99-.001-3.951-.5-5.688-1.448l-6.305 1.654zm6.597-3.807c1.676.995 3.276 1.591 5.392 1.592 5.448 0 9.886-4.434 9.889-9.885.002-5.462-4.415-9.89-9.881-9.892-5.452 0-9.887 4.434-9.889 9.884-.001 2.225.651 3.891 1.746 5.634l-.999 3.648 3.742-.981zm11.387-5.464c-.074-.124-.272-.198-.57-.347-.297-.149-1.758-.868-2.031-.967-.272-.099-.47-.149-.669.149-.198.297-.768.967-.941 1.165-.173.198-.347.223-.644.074-.297-.149-1.255-.462-2.39-1.475-.883-.788-1.48-1.761-1.653-2.059-.173-.297-.018-.458.13-.606.134-.133.297-.347.446-.521.151-.172.2-.296.3-.495.099-.198.05-.372-.025-.521-.075-.148-.669-1.611-.916-2.206-.242-.579-.487-.501-.669-.51l-.57-.01c-.198 0-.52.074-.792.372s-1.04 1.016-1.04 2.479 1.065 2.876 1.213 3.074c.149.198 2.095 3.2 5.076 4.487.709.306 1.263.489 1.694.626.712.226 1.36.194 1.872.118.571-.085 1.758-.719 2.006-1.413.248-.695.248-1.29.173-1.414z\" \/>\r\n    <\/svg><\/a>    <\/div>\r\n<\/div>\r\n\n","protected":false},"excerpt":{"rendered":"","protected":false},"author":1,"featured_media":0,"parent":0,"menu_order":0,"comment_status":"closed","ping_status":"closed","template":"","meta":{"footnotes":""},"class_list":["post-94","page","type-page","status-publish","hentry"],"_links":{"self":[{"href":"https:\/\/oklik.pl\/index.php?rest_route=\/wp\/v2\/pages\/94","targetHints":{"allow":["GET"]}}],"collection":[{"href":"https:\/\/oklik.pl\/index.php?rest_route=\/wp\/v2\/pages"}],"about":[{"href":"https:\/\/oklik.pl\/index.php?rest_route=\/wp\/v2\/types\/page"}],"author":[{"embeddable":true,"href":"https:\/\/oklik.pl\/index.php?rest_route=\/wp\/v2\/users\/1"}],"replies":[{"embeddable":true,"href":"https:\/\/oklik.pl\/index.php?rest_route=%2Fwp%2Fv2%2Fcomments&post=94"}],"version-history":[{"count":0,"href":"https:\/\/oklik.pl\/index.php?rest_route=\/wp\/v2\/pages\/94\/revisions"}],"wp:attachment":[{"href":"https:\/\/oklik.pl\/index.php?rest_route=%2Fwp%2Fv2%2Fmedia&parent=94"}],"curies":[{"name":"wp","href":"https:\/\/api.w.org\/{rel}","templated":true}]}}