{"id":95,"date":"2026-03-27T23:21:40","date_gmt":"2026-03-27T22:21:40","guid":{"rendered":"https:\/\/oklik.pl\/?page_id=95"},"modified":"2026-03-27T23:21:40","modified_gmt":"2026-03-27T22:21:40","slug":"forgot-password","status":"publish","type":"page","link":"https:\/\/oklik.pl\/?page_id=95","title":{"rendered":"Forgot Password"},"content":{"rendered":"\r\n<div class=\"acadp acadp-forgot-password-form acadp-require-js\" data-script=\"forgot-password\">\r\n\t<form action=\"https:\/\/oklik.pl\/wp-login.php?action=lostpassword\" id=\"acadp-forgot-password-form\" class=\"acadp-flex acadp-flex-col acadp-gap-6\" method=\"post\" role=\"form\" data-js-enabled=\"false\">\r\n\t\t<!-- Show errors if there are any -->\r\n\t\t\r\n\t\t<div class=\"acadp-alert acadp-alert-info\" role=\"alert\">\r\n\t\t\tWpisz swoj\u0105 nazw\u0119 u\u017cytkownika lub adres e-mail. Wy\u015blemy Ci link, za pomoc\u0105 kt\u00f3rego mo\u017cesz wybra\u0107 nowe has\u0142o.\t\t<\/div>\r\n\r\n\t\t<div id=\"acadp-form-group-user_login\" class=\"acadp-form-group\">\r\n\t\t\t<label for=\"acadp-form-control-user_login\" class=\"acadp-form-label\">\r\n\t\t\t\tNazwa u\u017cytkownika lub adres e-mail\t\t\t\t<span class=\"acadp-form-required\" aria-hidden=\"true\">*<\/span>\r\n\t\t\t<\/label>\r\n\t\t\t\r\n\t\t\t<input type=\"text\" name=\"user_login\" id=\"acadp-form-control-user_login\" class=\"acadp-form-control acadp-form-input acadp-form-validate\" required aria-describedby=\"acadp-form-error-user_login\" \/>\r\n\r\n\t\t\t<div hidden id=\"acadp-form-error-user_login\" class=\"acadp-form-error\"><\/div>\r\n\t\t<\/div>\r\n\r\n\t\t<!-- Hook for developers to add new fields -->\r\n\t\t\r\n\t\t\t\t\t\t\r\n\t\t<button type=\"submit\" class=\"acadp-button acadp-button-primary acadp-button-submit acadp-self-start\">\r\n\t\t\tReset has\u0142a\t\t<\/button>\r\n\t<\/form>\r\n<\/div>\n","protected":false},"excerpt":{"rendered":"","protected":false},"author":1,"featured_media":0,"parent":0,"menu_order":0,"comment_status":"closed","ping_status":"closed","template":"","meta":{"footnotes":""},"class_list":["post-95","page","type-page","status-publish","hentry"],"_links":{"self":[{"href":"https:\/\/oklik.pl\/index.php?rest_route=\/wp\/v2\/pages\/95","targetHints":{"allow":["GET"]}}],"collection":[{"href":"https:\/\/oklik.pl\/index.php?rest_route=\/wp\/v2\/pages"}],"about":[{"href":"https:\/\/oklik.pl\/index.php?rest_route=\/wp\/v2\/types\/page"}],"author":[{"embeddable":true,"href":"https:\/\/oklik.pl\/index.php?rest_route=\/wp\/v2\/users\/1"}],"replies":[{"embeddable":true,"href":"https:\/\/oklik.pl\/index.php?rest_route=%2Fwp%2Fv2%2Fcomments&post=95"}],"version-history":[{"count":0,"href":"https:\/\/oklik.pl\/index.php?rest_route=\/wp\/v2\/pages\/95\/revisions"}],"wp:attachment":[{"href":"https:\/\/oklik.pl\/index.php?rest_route=%2Fwp%2Fv2%2Fmedia&parent=95"}],"curies":[{"name":"wp","href":"https:\/\/api.w.org\/{rel}","templated":true}]}}